{"id":425,"date":"2022-03-14T15:35:06","date_gmt":"2022-03-14T18:35:06","guid":{"rendered":"http:\/\/edpack.com.br\/?page_id=425"},"modified":"2022-07-13T14:35:29","modified_gmt":"2022-07-13T17:35:29","slug":"downloads","status":"publish","type":"page","link":"https:\/\/edpack.com.br\/?page_id=425","title":{"rendered":"Anvisa"},"content":{"rendered":"\n<div class=\"wp-block-cover alignfull is-position-center-center\" style=\"min-height:582px;aspect-ratio:unset;\"><span aria-hidden=\"true\" class=\"wp-block-cover__background has-ast-global-color-4-background-color has-background-dim-0 has-background-dim\"><\/span><img loading=\"lazy\" decoding=\"async\" width=\"2000\" height=\"1143\" class=\"wp-block-cover__image-background wp-image-481\" alt=\"\" src=\"https:\/\/edpack.com.br\/wp-content\/uploads\/2022\/07\/img-1-1.jpg\" data-object-fit=\"cover\" srcset=\"https:\/\/edpack.com.br\/wp-content\/uploads\/2022\/07\/img-1-1.jpg 2000w, https:\/\/edpack.com.br\/wp-content\/uploads\/2022\/07\/img-1-1-300x171.jpg 300w, https:\/\/edpack.com.br\/wp-content\/uploads\/2022\/07\/img-1-1-1024x585.jpg 1024w, https:\/\/edpack.com.br\/wp-content\/uploads\/2022\/07\/img-1-1-768x439.jpg 768w, https:\/\/edpack.com.br\/wp-content\/uploads\/2022\/07\/img-1-1-1536x878.jpg 1536w\" sizes=\"auto, (max-width: 2000px) 100vw, 2000px\" \/><div class=\"wp-block-cover__inner-container is-layout-flow wp-block-cover-is-layout-flow\">\n<h6 class=\"wp-block-heading\"><\/h6>\n\n\n\n<h1 class=\"wp-block-heading\">NOVA ROTULAGEM NUTRICIONAL DE ALIMENTOS EMBALADOS<\/h1>\n<\/div><\/div>\n\n\n\n<div class=\"wp-block-cover alignfull has-parallax has-custom-content-position is-position-top-center\" style=\"background-image:url(https:\/\/edpack.com.br\/wp-content\/uploads\/2022\/07\/img-2.jpg);min-height:900px;aspect-ratio:unset;\"><span aria-hidden=\"true\" class=\"wp-block-cover__background has-ast-global-color-4-background-color has-background-dim-0 has-background-dim\"><\/span><div class=\"wp-block-cover__inner-container is-layout-flow wp-block-cover-is-layout-flow\">\n<div class=\"wp-block-columns alignwide are-vertically-aligned-center is-layout-flex wp-container-core-columns-is-layout-9d6595d7 wp-block-columns-is-layout-flex\">\n<div class=\"wp-block-column is-vertically-aligned-center is-layout-flow wp-block-column-is-layout-flow\">\n<h2 class=\"has-text-align-left has-ast-global-color-4-color has-text-color has-x-large-font-size wp-block-heading\">Detalhamento da nova norma RDC 429\/2020 e (IN) 75\/2020<\/h2>\n\n\n\n<hr class=\"wp-block-separator has-text-color has-white-color has-css-opacity has-white-background-color has-background is-style-wide\"\/>\n\n\n\n<p><\/p>\n\n\n\n<p>\u00a0<\/p>\n<p><span style=\"color: #000000;\">\u00adA<\/span>\u00a0<span style=\"color: #000000;\"><strong>Ag\u00eancia Nacional de Vigil\u00e2ncia Sanit\u00e1ria (Anvisa)<\/strong>\u00a0aprovou em outubro de 2020 a mudan\u00e7a nas regras para rotulagem de alimentos no Brasil. O objetivo \u00e9 fornecer ao consumidor informa\u00e7\u00f5es relevantes e claras sobre os\u00a0<strong><a style=\"color: #000000;\" href=\"https:\/\/www.sig.biz\/signals\/pt\/artigos\/a-explosao-dos-superalimentos\">nutrientes dos produtos<\/a>.<\/strong><\/span><\/p>\n<p><span style=\"color: #000000;\">Com a nova regra, os consumidores ter\u00e3o maior compreens\u00e3o e facilidade para comparar alimentos conforme as informa\u00e7\u00f5es nutricionais, devido \u00e0s mudan\u00e7as na tabela nutricional, nas alega\u00e7\u00f5es nutricionais e na rotulagem nutricional frontal. <\/span><span style=\"color: #000000;\">Nesse contexto, entender melhor todos os pontos na altera\u00e7\u00e3o feita pela Anvisa \u00e9 fundamental para se adaptar e evitar problemas na ind\u00fastria aliment\u00edcia. Pensando nisso, confira neste post os fatores relevantes da mudan\u00e7a na rotulagem de alimentos e saiba mais sobre a nova regra!<\/span><\/p>\n<h4><strong><span style=\"color: #000000;\">A mudan\u00e7a na norma da Anvisa de rotulagem de alime<\/span>ntos<\/strong><\/h4>\n<p><span style=\"color: #000000;\">A aprova\u00e7\u00e3o das novas regras para a rotulagem de alimentos\u00a0<strong>representa um avan\u00e7o para o consumidor<\/strong>. Ao fornecer e detalhar as informa\u00e7\u00f5es nutricionais e padronizar a exibi\u00e7\u00e3o dos dados, contribui significativamente para promover uma melhor compreens\u00e3o.<\/span><\/p>\n<p><span style=\"color: #000000;\">Al\u00e9m de facilitar a leitura, uma das principais inova\u00e7\u00f5es \u00e9 a inclus\u00e3o da rotulagem nutricional frontal, alertando caso o alimento contenha alto teor de s\u00f3dio, a\u00e7\u00facares e gorduras saturadas, nutrientes que s\u00e3o prejudiciais \u00e0 sa\u00fade.<\/span><\/p>\n<p><span style=\"color: #000000;\">A nova legisla\u00e7\u00e3o, denominada\u00a0<a style=\"color: #000000;\" href=\"http:\/\/antigo.anvisa.gov.br\/documents\/10181\/3882585\/RDC_429_2020_.pdf\/9dc15f3a-db4c-4d3f-90d8-ef4b80537380\">RDC n\u00b0 429, de 8 de outubro de 2020<\/a>, estabelece requisitos que se aplicam a praticamente todos os alimentos embalados. H\u00e1 tamb\u00e9m a\u00a0<a style=\"color: #000000;\" href=\"https:\/\/www.in.gov.br\/en\/web\/dou\/-\/instrucao-normativa-in-n-75-de-8-de-outubro-de-2020-282071143\">IN n\u00b0 75, de 8 de outubro de 2020<\/a>, que funciona como um complemento da lei anterior, determinando requisitos t\u00e9cnicos para a declara\u00e7\u00e3o da rotulagem.<\/span><\/p>\n<h4><span style=\"color: #000000;\"><strong>Os principais pontos da nova norma<\/strong><\/span><\/h4>\n<p><span style=\"color: #000000;\">As novas regras para a rotulagem de embalagens deram mais relev\u00e2ncia a quest\u00f5es importantes aos consumidores, principalmente relacionadas \u00e0 sa\u00fade. \u00c9 considerada uma mudan\u00e7a positiva, que auxilia as pessoas a terem uma\u00a0<strong>alimenta\u00e7\u00e3o consciente<\/strong>, ou seja, com os dados sobre os produtos bem claros.<\/span><\/p>\n<p><span style=\"color: #000000;\">Veja os principais pontos abordados na\u00a0<a style=\"color: #000000;\" href=\"https:\/\/www.sig.biz\/signals\/pt\/artigos\/adaptando-se-a-nova-legislacao\">nova legisla\u00e7\u00e3o<\/a>!<\/span><\/p>\n<p><strong><span style=\"color: #000000;\">Rotulagem nutricional frontal<\/span><\/strong><\/p>\n<p><span style=\"color: #000000;\">A mudan\u00e7a mais expressiva \u00e9 a inclus\u00e3o de uma rotulagem nutricional na parte frontal do produto. O objetivo dessa altera\u00e7\u00e3o \u00e9 fornecer ao consumidor o teor de nutrientes relevantes para a sa\u00fade e que est\u00e3o presentes no conte\u00fado. <\/span><span style=\"color: #000000;\">Portanto, foi criado um\u00a0<strong>design de lupa<\/strong>\u00a0para destacar o teor de nutrientes como a\u00e7\u00facares, s\u00f3dio e gorduras saturadas. As informa\u00e7\u00f5es devem estar localizadas de forma que facilite a leitura e compreens\u00e3o dos consumidores.<\/span><\/p>\n<p><strong><span style=\"color: #000000;\">Tabela de informa\u00e7\u00e3o nutricional<\/span><\/strong><\/p>\n<p><span style=\"color: #000000;\">A tabela nutricional foi outro ponto que sofreu mudan\u00e7as significativas, desde a formata\u00e7\u00e3o das letras ao design. O intuito \u00e9 evitar contrastes que dificultam a leitura das informa\u00e7\u00f5es pelo consumidor. <\/span><span style=\"color: #000000;\">A tabela dever\u00e1\u00a0<strong>ficar pr\u00f3xima \u00e0 lista de ingredientes e em superf\u00edcie cont\u00ednua<\/strong>. Al\u00e9m disso, haver\u00e1 a obrigatoriedade em identificar os a\u00e7\u00facares totais e adicionados, bem como em declarar o valor energ\u00e9tico e o n\u00famero de por\u00e7\u00f5es por embalagem.<\/span><\/p>\n<p><strong><span style=\"color: #000000;\">Alega\u00e7\u00f5es<\/span><\/strong><\/p>\n<p><span style=\"color: #000000;\">A declara\u00e7\u00e3o de alega\u00e7\u00f5es nutricionais tamb\u00e9m passou por mudan\u00e7as relacionadas \u00e0\u00a0<strong>fonte e localiza\u00e7\u00e3o no r\u00f3tulo do produto<\/strong>, tendo por objetivo evitar a contradi\u00e7\u00e3o com a nova rotulagem frontal nutricional.<\/span><\/p>\n<p><span style=\"color: #000000;\"><strong>As altera\u00e7\u00f5es em rela\u00e7\u00e3o \u00e0 antiga norma<\/strong><\/span><\/p>\n<p><span style=\"color: #000000;\">Atualmente, n\u00e3o h\u00e1 um padr\u00e3o estabelecido para fonte, tamanho e cor da tabela nutricional presente nos produtos aliment\u00edcios comercializados no pa\u00eds. Com a nova regulamenta\u00e7\u00e3o, todos esses aspectos ser\u00e3o\u00a0<strong>padronizados visando facilitar a interpreta\u00e7\u00e3o do consumidor<\/strong>, sem impor escolhas.<\/span><\/p>\n<p><span style=\"color: #000000;\">Haver\u00e1 uma nova forma de exibi\u00e7\u00e3o de dados informativos sobre o conte\u00fado dos produtos, adaptando-se de acordo com os mais diferentes tipos de alimentos. Embora pare\u00e7am altera\u00e7\u00f5es sutis, elas facilitam muito o entendimento sobre a composi\u00e7\u00e3o do produto, fator essencial para orientar a dieta dos consumidores.<\/span><\/p>\n<p><span style=\"color: #000000;\">As principais altera\u00e7\u00f5es relacionadas \u00e0 tabela nutricional s\u00e3o:<\/span><\/p>\n<ul>\n<li><span style=\"color: #000000;\">&#8211; a coluna do valor di\u00e1rio pode ser eliminada para as f\u00f3rmulas infantis, nutri\u00e7\u00e3o enteral, bebidas alco\u00f3licas e produtos destinados ao processamento &#8211; industrial;<\/span><\/li>\n<li><span style=\"color: #000000;\">&#8211; a declara\u00e7\u00e3o do percentual de valor di\u00e1rio deve ser determinada com base no valor definido no anexo II da IN n\u00famero 75;<\/span><\/li>\n<li><span style=\"color: #000000;\">&#8211; a fonte para declara\u00e7\u00e3o dos nomes dos constituintes, bem como de seus valores energ\u00e9tico e nutricional, ser\u00e1 Arial ou Helv\u00e9tica, grafada com o tamanho m\u00ednimo de 8 pontos;<\/span><\/li>\n<li><span style=\"color: #000000;\">&#8211; ser\u00e1 proibido colocar a tabela em posi\u00e7\u00f5es de dif\u00edcil visualiza\u00e7\u00e3o;<\/span><\/li>\n<li><span style=\"color: #000000;\">&#8211; ser\u00e3o permitidas apenas letras na cor preta e fundo branco.<\/span><\/li>\n<\/ul>\n<p><span style=\"color: #000000;\">Al\u00e9m disso, ser\u00e1 obrigat\u00f3rio:<\/span><\/p>\n<ul>\n<li><span style=\"color: #000000;\">&#8211; declarar o n\u00famero de por\u00e7\u00f5es por embalagem;<\/span><\/li>\n<li><span style=\"color: #000000;\">&#8211; informar o valor energ\u00e9tico e nutricional por 100g ou 100ml;<\/span><\/li>\n<li><span style=\"color: #000000;\">&#8211; empregar o espa\u00e7amento entre linhas;<\/span><\/li>\n<li><span style=\"color: #000000;\">&#8211; identificar a\u00e7\u00facares totais e adicionados.<\/span><\/li>\n<\/ul>\n<h4><span style=\"color: #000000;\"><strong>O prazo para as mudan\u00e7as entrarem em vigor<\/strong><\/span><\/h4>\n<p><span style=\"color: #000000;\">As novas regras publicadas na RDC 429 e na IN 75 em outubro de 2020\u00a0<strong>v\u00e3o entrar em vigor a partir de<\/strong>\u00a0<strong>24 meses<\/strong>\u00a0<strong>ap\u00f3s a data da publica\u00e7\u00e3o<\/strong>. Os produtos que j\u00e1 estiverem no mercado quando a norma entrar em vigor ter\u00e3o um prazo de 12 meses para adequa\u00e7\u00e3o.<\/span><\/p>\n<p><span style=\"color: #000000;\">Os alimentos e produtos destinados aos processos industriais ou servi\u00e7os de alimenta\u00e7\u00e3o devem estar adequados na data que a norma estiver ativa. J\u00e1 os alimentos cuja fabrica\u00e7\u00e3o \u00e9 realizada por empresas de pequeno porte t\u00eam um prazo maior, de mais 24 meses ap\u00f3s a regulamenta\u00e7\u00e3o entrar em vigor.<\/span><\/p>\n<p><span style=\"color: #000000;\">Al\u00e9m disso, os produtos fabricados at\u00e9 o fim do prazo de adequa\u00e7\u00e3o est\u00e3o autorizados a serem comercializados at\u00e9 o t\u00e9rmino do prazo de validade. Os prazos s\u00e3o importantes para as empresas se regularizarem com tempo suficiente e n\u00e3o comprometerem a qualidade e as estrat\u00e9gias de mercado.<\/span><\/p>\n<h4><span style=\"color: #000000;\"><strong>A prepara\u00e7\u00e3o para cumprir as leis<\/strong><\/span><\/h4>\n<p><span style=\"color: #000000;\">Toda empresa do setor aliment\u00edcio ser\u00e1 impactada pelas altera\u00e7\u00f5es da nova regulamenta\u00e7\u00e3o de rotulagem de alimentos. Apesar do prazo consider\u00e1vel para adequa\u00e7\u00e3o, \u00e9 fundamental agir proativamente e definir um planejamento para se preparar.<\/span><\/p>\n<p><span style=\"color: #000000;\">Com a EDPACK, voc\u00ea pode\u00a0<strong>desenvolver embalagens conforme as necessidades do seu neg\u00f3cio<\/strong>,\u00a0<a style=\"color: #000000;\" href=\"https:\/\/www.sig.biz\/signals\/pt\/artigos\/aproximacao-com-o-consumidor\">comunicando-se com os consumidores<\/a> de uma forma moderna e agrad\u00e1vel, por meio de produtos inovadores e conectados.\u00a0<\/span><span style=\"color: #000000;\">Al\u00e9m disso, a equipe de especialistas da EDPACK auxilia no planejamento para se adequar \u00e0 nova norma da Anvisa. E permite ir al\u00e9m, inserindo o\u00a0<strong><em>QR Code<\/em>\u00a0nas embalagens\u00a0<\/strong>visando fornecer informa\u00e7\u00f5es adicionais sobre o produto aos consumidores, o que \u00e9 um grande passo para a\u00a0<a style=\"color: #000000;\" href=\"https:\/\/www.sig.biz\/signals\/pt\/artigos\/credibilidade-dos-produtos\">credibilidade<\/a> e melhoria do posicionamento de marca.\u00a0<\/span><span style=\"color: #000000;\">A nova regulamenta\u00e7\u00e3o da Anvisa para\u00a0<strong>rotulagem de alimentos<\/strong> \u00e9 essencial para melhorar a experi\u00eancia de compra dos consumidores. Portanto, \u00e9 imprescind\u00edvel cumprir os requisitos legais e desenvolver estrat\u00e9gias a fim de inovar e se destacar em um cen\u00e1rio altamente competitivo.\u00a0<\/span><\/p>\n<p><span style=\"color: #000000;\">Agora que voc\u00ea entendeu sobre as novas regras para a rotulagem de alimentos, \u00e9 essencial iniciar o planejamento. Se deseja saber como tornar esse processo mais f\u00e1cil, entre em<strong> atendimento@edpack.com.br<\/strong><\/span><\/p>\n<p>\u00a0<\/p>\n<\/div>\n<\/div>\n<\/div><\/div>\n\n\n\n<div class=\"wp-block-group alignfull has-ast-global-color-4-background-color has-background is-layout-flow wp-block-group-is-layout-flow\"><div class=\"wp-block-group__inner-container\"><\/div><\/div>\n","protected":false},"excerpt":{"rendered":"","protected":false},"author":1,"featured_media":0,"parent":0,"menu_order":0,"comment_status":"closed","ping_status":"closed","template":"","meta":{"site-sidebar-layout":"no-sidebar","site-content-layout":"plain-container","ast-main-header-display":"","ast-hfb-above-header-display":"","ast-hfb-below-header-display":"","ast-hfb-mobile-header-display":"","site-post-title":"disabled","ast-breadcrumbs-content":"","ast-featured-img":"","footer-sml-layout":"","theme-transparent-header-meta":"enabled","adv-header-id-meta":"","stick-header-meta":"","header-above-stick-meta":"","header-main-stick-meta":"","header-below-stick-meta":"","footnotes":""},"class_list":["post-425","page","type-page","status-publish","hentry"],"_links":{"self":[{"href":"https:\/\/edpack.com.br\/index.php?rest_route=\/wp\/v2\/pages\/425","targetHints":{"allow":["GET"]}}],"collection":[{"href":"https:\/\/edpack.com.br\/index.php?rest_route=\/wp\/v2\/pages"}],"about":[{"href":"https:\/\/edpack.com.br\/index.php?rest_route=\/wp\/v2\/types\/page"}],"author":[{"embeddable":true,"href":"https:\/\/edpack.com.br\/index.php?rest_route=\/wp\/v2\/users\/1"}],"replies":[{"embeddable":true,"href":"https:\/\/edpack.com.br\/index.php?rest_route=%2Fwp%2Fv2%2Fcomments&post=425"}],"version-history":[{"count":9,"href":"https:\/\/edpack.com.br\/index.php?rest_route=\/wp\/v2\/pages\/425\/revisions"}],"predecessor-version":[{"id":490,"href":"https:\/\/edpack.com.br\/index.php?rest_route=\/wp\/v2\/pages\/425\/revisions\/490"}],"wp:attachment":[{"href":"https:\/\/edpack.com.br\/index.php?rest_route=%2Fwp%2Fv2%2Fmedia&parent=425"}],"curies":[{"name":"wp","href":"https:\/\/api.w.org\/{rel}","templated":true}]}}